{"id":44,"date":"2019-02-18T14:27:10","date_gmt":"2019-02-18T14:27:10","guid":{"rendered":"http:\/\/besekull.sunfarm.se\/?page_id=44"},"modified":"2019-08-31T16:39:02","modified_gmt":"2019-08-31T16:39:02","slug":"valkommen-till-besekull","status":"publish","type":"page","link":"https:\/\/besekull.se\/hem\/valkommen-till-besekull\/","title":{"rendered":"Kontakt"},"content":{"rendered":"\n<p><strong>Besekull Konferens &amp; Utveckling<\/strong><br>Besekull 1<br>571 64 SANDSJ\u00d6FORS<br>Mobil +46-(0) 706392233<br>E-post <a href=\"mailto:info@besekull.se\">info@besekull.se<\/a><br><\/p>\n\n\n\n<p><strong>Maj-Inger Johansson<\/strong><br>Organisationkonsult, processledare, samtalsterapeut<br>Mobil +46-(0) 706392233<br>E-post <a href=\"mailto:info@besekull.se\">info@besekull.se<\/a><br><\/p>\n\n\n\n<p><strong>V\u00e4gbeskrivning<\/strong><br>Koordinater 55,48  14,77<br>SWEREF99( nord,\u00f6st): 6371637: 486478<br>RT90 (nord,\u00f6st): 6374000,1438178<br><br><a href=\"https:\/\/kartor.eniro.se\/?c=57.487030,14.775603&amp;z=16&amp;q=%226374000,1438178%22\">Eniro<\/a><\/p>\n","protected":false},"excerpt":{"rendered":"<p>Besekull Konferens &amp; UtvecklingBesekull 1571 64 SANDSJ\u00d6FORSMobil +46-(0) 706392233E-post info@besekull.se Maj-Inger JohanssonOrganisationkonsult, processledare, samtalsterapeutMobil +46-(0) 706392233E-post info@besekull.se V\u00e4gbeskrivningKoordinater 55,48 14,77SWEREF99( nord,\u00f6st): 6371637: 486478RT90 (nord,\u00f6st): 6374000,1438178 Eniro <a href=\"https:\/\/besekull.se\/hem\/valkommen-till-besekull\/\">Forts\u00e4tt l\u00e4sa <span class=\"meta-nav\">&rarr;<\/span><\/a><\/p>\n","protected":false},"author":1,"featured_media":0,"parent":0,"menu_order":1,"comment_status":"closed","ping_status":"closed","template":"","meta":{"footnotes":""},"class_list":["post-44","page","type-page","status-publish","hentry"],"_links":{"self":[{"href":"https:\/\/besekull.se\/hem\/wp-json\/wp\/v2\/pages\/44","targetHints":{"allow":["GET"]}}],"collection":[{"href":"https:\/\/besekull.se\/hem\/wp-json\/wp\/v2\/pages"}],"about":[{"href":"https:\/\/besekull.se\/hem\/wp-json\/wp\/v2\/types\/page"}],"author":[{"embeddable":true,"href":"https:\/\/besekull.se\/hem\/wp-json\/wp\/v2\/users\/1"}],"replies":[{"embeddable":true,"href":"https:\/\/besekull.se\/hem\/wp-json\/wp\/v2\/comments?post=44"}],"version-history":[{"count":5,"href":"https:\/\/besekull.se\/hem\/wp-json\/wp\/v2\/pages\/44\/revisions"}],"predecessor-version":[{"id":626,"href":"https:\/\/besekull.se\/hem\/wp-json\/wp\/v2\/pages\/44\/revisions\/626"}],"wp:attachment":[{"href":"https:\/\/besekull.se\/hem\/wp-json\/wp\/v2\/media?parent=44"}],"curies":[{"name":"wp","href":"https:\/\/api.w.org\/{rel}","templated":true}]}}